{"id":61,"date":"2020-01-23T18:21:52","date_gmt":"2020-01-23T18:21:52","guid":{"rendered":"https:\/\/demosites.io\/web-agency-gb\/?page_id=61"},"modified":"2024-06-26T16:18:41","modified_gmt":"2024-06-26T21:18:41","slug":"about-us","status":"publish","type":"page","link":"https:\/\/www.castbnb.tv\/fr\/about-us\/","title":{"rendered":"\u00c0 propos de nous"},"content":{"rendered":"<div data-elementor-type=\"wp-page\" data-elementor-id=\"61\" class=\"elementor elementor-61\" data-elementor-post-type=\"page\">\n\t\t\t\t<div class=\"elementor-element elementor-element-5df7134 e-flex e-con-boxed e-con e-parent\" data-id=\"5df7134\" data-element_type=\"container\" data-settings=\"{&quot;background_background&quot;:&quot;gradient&quot;,&quot;shape_divider_bottom&quot;:&quot;waves&quot;}\">\n\t\t\t\t\t<div class=\"e-con-inner\">\n\t\t\t\t<div class=\"elementor-shape elementor-shape-bottom\" aria-hidden=\"true\" data-negative=\"false\">\n\t\t\t<svg xmlns=\"http:\/\/www.w3.org\/2000\/svg\" viewbox=\"0 0 1000 100\" preserveaspectratio=\"none\">\n\t<path class=\"elementor-shape-fill\" d=\"M421.9,6.5c22.6-2.5,51.5,0.4,75.5,5.3c23.6,4.9,70.9,23.5,100.5,35.7c75.8,32.2,133.7,44.5,192.6,49.7\tc23.6,2.1,48.7,3.5,103.4-2.5c54.7-6,106.2-25.6,106.2-25.6V0H0v30.3c0,0,72,32.6,158.4,30.5c39.2-0.7,92.8-6.7,134-22.4\tc21.2-8.1,52.2-18.2,79.7-24.2C399.3,7.9,411.6,7.5,421.9,6.5z\"\/>\n<\/svg>\t\t<\/div>\n\t\t\t\t<div class=\"elementor-element elementor-element-2911d54 elementor-widget elementor-widget-spacer\" data-id=\"2911d54\" data-element_type=\"widget\" data-widget_type=\"spacer.default\">\n\t\t\t\t<div class=\"elementor-widget-container\">\n\t\t\t\t\t\t\t<div class=\"elementor-spacer\">\n\t\t\t<div class=\"elementor-spacer-inner\"><\/div>\n\t\t<\/div>\n\t\t\t\t\t\t<\/div>\n\t\t\t\t<\/div>\n\t\t\t\t<div class=\"elementor-element elementor-element-d07fec1 elementor-widget elementor-widget-heading\" data-id=\"d07fec1\" data-element_type=\"widget\" data-widget_type=\"heading.default\">\n\t\t\t\t<div class=\"elementor-widget-container\">\n\t\t\t\t\t<h1 class=\"elementor-heading-title elementor-size-default\">\u00c0 propos de nous<\/h1>\t\t\t\t<\/div>\n\t\t\t\t<\/div>\n\t\t\t\t<div class=\"elementor-element elementor-element-8683f38 elementor-widget elementor-widget-spacer\" data-id=\"8683f38\" data-element_type=\"widget\" data-widget_type=\"spacer.default\">\n\t\t\t\t<div class=\"elementor-widget-container\">\n\t\t\t\t\t\t\t<div class=\"elementor-spacer\">\n\t\t\t<div class=\"elementor-spacer-inner\"><\/div>\n\t\t<\/div>\n\t\t\t\t\t\t<\/div>\n\t\t\t\t<\/div>\n\t\t\t\t\t<\/div>\n\t\t\t\t<\/div>\n\t\t<div class=\"elementor-element elementor-element-e8cf7e8 e-flex e-con-boxed e-con e-parent\" data-id=\"e8cf7e8\" data-element_type=\"container\">\n\t\t\t\t\t<div class=\"e-con-inner\">\n\t\t\t\t<div class=\"elementor-element elementor-element-ec52a7c elementor-widget elementor-widget-spacer\" data-id=\"ec52a7c\" data-element_type=\"widget\" data-widget_type=\"spacer.default\">\n\t\t\t\t<div class=\"elementor-widget-container\">\n\t\t\t\t\t\t\t<div class=\"elementor-spacer\">\n\t\t\t<div class=\"elementor-spacer-inner\"><\/div>\n\t\t<\/div>\n\t\t\t\t\t\t<\/div>\n\t\t\t\t<\/div>\n\t\t\t\t\t<\/div>\n\t\t\t\t<\/div>\n\t\t<div class=\"elementor-element elementor-element-1a92191 e-flex e-con-boxed e-con e-parent\" data-id=\"1a92191\" data-element_type=\"container\">\n\t\t\t\t\t<div class=\"e-con-inner\">\n\t\t<div class=\"elementor-element elementor-element-cdf5901 e-con-full e-flex e-con e-child\" data-id=\"cdf5901\" data-element_type=\"container\">\n\t\t\t\t<div class=\"elementor-element elementor-element-578824f elementor-widget elementor-widget-image\" data-id=\"578824f\" data-element_type=\"widget\" data-widget_type=\"image.default\">\n\t\t\t\t<div class=\"elementor-widget-container\">\n\t\t\t\t\t\t\t\t\t\t\t\t\t\t\t<img fetchpriority=\"high\" decoding=\"async\" width=\"2560\" height=\"1707\" src=\"https:\/\/www.castbnb.tv\/wp-content\/uploads\/2024\/02\/team-business-people-stacking-hands2-scaled.jpg\" class=\"attachment-full size-full wp-image-1136\" alt=\"\" srcset=\"https:\/\/www.castbnb.tv\/wp-content\/uploads\/2024\/02\/team-business-people-stacking-hands2-scaled.jpg 2560w, https:\/\/www.castbnb.tv\/wp-content\/uploads\/2024\/02\/team-business-people-stacking-hands2-300x200.jpg 300w, https:\/\/www.castbnb.tv\/wp-content\/uploads\/2024\/02\/team-business-people-stacking-hands2-1024x683.jpg 1024w, https:\/\/www.castbnb.tv\/wp-content\/uploads\/2024\/02\/team-business-people-stacking-hands2-768x512.jpg 768w, https:\/\/www.castbnb.tv\/wp-content\/uploads\/2024\/02\/team-business-people-stacking-hands2-1536x1024.jpg 1536w, https:\/\/www.castbnb.tv\/wp-content\/uploads\/2024\/02\/team-business-people-stacking-hands2-2048x1365.jpg 2048w, https:\/\/www.castbnb.tv\/wp-content\/uploads\/2024\/02\/team-business-people-stacking-hands2-18x12.jpg 18w, https:\/\/www.castbnb.tv\/wp-content\/uploads\/2024\/02\/team-business-people-stacking-hands2-930x620.jpg 930w\" sizes=\"(max-width: 2560px) 100vw, 2560px\" \/>\t\t\t\t\t\t\t\t\t\t\t\t\t\t\t<\/div>\n\t\t\t\t<\/div>\n\t\t\t\t<\/div>\n\t\t<div class=\"elementor-element elementor-element-a9ecb8f e-con-full e-flex e-con e-child\" data-id=\"a9ecb8f\" data-element_type=\"container\">\n\t\t\t\t<div class=\"elementor-element elementor-element-3cbcba4 elementor-widget elementor-widget-heading\" data-id=\"3cbcba4\" data-element_type=\"widget\" data-widget_type=\"heading.default\">\n\t\t\t\t<div class=\"elementor-widget-container\">\n\t\t\t\t\t<h2 class=\"elementor-heading-title elementor-size-default\">Notre histoire<\/h2>\t\t\t\t<\/div>\n\t\t\t\t<\/div>\n\t\t\t\t<div class=\"elementor-element elementor-element-c654a33 elementor-widget elementor-widget-text-editor\" data-id=\"c654a33\" data-element_type=\"widget\" data-widget_type=\"text-editor.default\">\n\t\t\t\t<div class=\"elementor-widget-container\">\n\t\t\t\t\t\t\t\t\t<p>Nous sommes une \u00e9quipe d'experts en informatique chevronn\u00e9s avec plus de 20 ans d'exp\u00e9rience sp\u00e9cialis\u00e9e dans la technologie h\u00f4teli\u00e8re. Nous avons d\u00e9ploy\u00e9 et g\u00e9r\u00e9 des solutions similaires dans des centaines d'h\u00f4tels, y compris des complexes quatre et cinq \u00e9toiles. Gr\u00e2ce \u00e0 notre exp\u00e9rience, nous avons une connaissance approfondie des besoins de l'industrie h\u00f4teli\u00e8re, et nous sommes ravis d'\u00eatre les premiers \u00e0 proposer une solution personnalis\u00e9e sp\u00e9cifiquement con\u00e7ue pour r\u00e9pondre aux besoins des locations de vacances. Notre engagement principal r\u00e9side dans la simplification du d\u00e9ploiement, de la gestion et de l'accessibilit\u00e9 des solutions technologiques. En exploitant nos comp\u00e9tences \u00e9tendues, nous veillons \u00e0 ce que l'int\u00e9gration et l'exploitation des solutions technologiques soient simples pour les utilisateurs. Gr\u00e2ce \u00e0 des interfaces conviviales et un support continu, nous nous effor\u00e7ons de rendre la technologie simple et accessible pour nos clients.<\/p>\t\t\t\t\t\t\t\t<\/div>\n\t\t\t\t<\/div>\n\t\t\t\t<\/div>\n\t\t\t\t\t<\/div>\n\t\t\t\t<\/div>\n\t\t<div class=\"elementor-element elementor-element-28a079c e-flex e-con-boxed e-con e-parent\" data-id=\"28a079c\" data-element_type=\"container\">\n\t\t\t\t\t<div class=\"e-con-inner\">\n\t\t<div class=\"elementor-element elementor-element-edd679f e-con-full e-flex e-con e-child\" data-id=\"edd679f\" data-element_type=\"container\">\n\t\t\t\t<div class=\"elementor-element elementor-element-5c01ae7 elementor-widget elementor-widget-heading\" data-id=\"5c01ae7\" data-element_type=\"widget\" data-widget_type=\"heading.default\">\n\t\t\t\t<div class=\"elementor-widget-container\">\n\t\t\t\t\t<h2 class=\"elementor-heading-title elementor-size-default\">Valeurs fondamentales<\/h2>\t\t\t\t<\/div>\n\t\t\t\t<\/div>\n\t\t\t\t<div class=\"elementor-element elementor-element-073f07c elementor-widget elementor-widget-text-editor\" data-id=\"073f07c\" data-element_type=\"widget\" data-widget_type=\"text-editor.default\">\n\t\t\t\t<div class=\"elementor-widget-container\">\n\t\t\t\t\t\t\t\t\t<p>Alors que notre march\u00e9 a grandi, nos principes fondamentaux restent in\u00e9branlables. Nous sommes fermes dans notre engagement \u00e0 offrir excellence, professionnalisme et expertise approfondie \u00e0 nos clients. Assurer la simplicit\u00e9 et la facilit\u00e9 d'utilisation dans l'int\u00e9gration de nos solutions est une priorit\u00e9 absolue. Cet engagement implique la cr\u00e9ation d'interfaces conviviales, l'offre de documentation transparente et l'\u00e9tablissement de proc\u00e9dures simplifi\u00e9es pour le d\u00e9ploiement et la gestion de la technologie. Nous cherchons constamment \u00e0 am\u00e9liorer et \u00e0 \u00e9tendre la mani\u00e8re dont nos produits et services peuvent am\u00e9liorer la vie de nos clients et rehausser l'exp\u00e9rience de leurs invit\u00e9s.<\/p>\t\t\t\t\t\t\t\t<\/div>\n\t\t\t\t<\/div>\n\t\t\t\t<\/div>\n\t\t<div class=\"elementor-element elementor-element-426c3d0 e-con-full e-flex e-con e-child\" data-id=\"426c3d0\" data-element_type=\"container\">\n\t\t\t\t<div class=\"elementor-element elementor-element-cc0145d elementor-widget elementor-widget-image\" data-id=\"cc0145d\" data-element_type=\"widget\" data-widget_type=\"image.default\">\n\t\t\t\t<div class=\"elementor-widget-container\">\n\t\t\t\t\t\t\t\t\t\t\t\t\t\t\t<img decoding=\"async\" width=\"2560\" height=\"1604\" src=\"https:\/\/www.castbnb.tv\/wp-content\/uploads\/2024\/02\/business-people-working-as-team-scaled.jpg\" class=\"attachment-full size-full wp-image-1140\" alt=\"\" srcset=\"https:\/\/www.castbnb.tv\/wp-content\/uploads\/2024\/02\/business-people-working-as-team-scaled.jpg 2560w, https:\/\/www.castbnb.tv\/wp-content\/uploads\/2024\/02\/business-people-working-as-team-300x188.jpg 300w, https:\/\/www.castbnb.tv\/wp-content\/uploads\/2024\/02\/business-people-working-as-team-1024x641.jpg 1024w, https:\/\/www.castbnb.tv\/wp-content\/uploads\/2024\/02\/business-people-working-as-team-768x481.jpg 768w, https:\/\/www.castbnb.tv\/wp-content\/uploads\/2024\/02\/business-people-working-as-team-1536x962.jpg 1536w, https:\/\/www.castbnb.tv\/wp-content\/uploads\/2024\/02\/business-people-working-as-team-2048x1283.jpg 2048w, https:\/\/www.castbnb.tv\/wp-content\/uploads\/2024\/02\/business-people-working-as-team-18x12.jpg 18w\" sizes=\"(max-width: 2560px) 100vw, 2560px\" \/>\t\t\t\t\t\t\t\t\t\t\t\t\t\t\t<\/div>\n\t\t\t\t<\/div>\n\t\t\t\t<\/div>\n\t\t\t\t\t<\/div>\n\t\t\t\t<\/div>\n\t\t\t\t<\/div>","protected":false},"excerpt":{"rendered":"<p>About Us Our Story We are a team of seasoned IT experts with over 20 years of specialized experience in hospitality technology. We have deployed and managed similar solutions in hundreds of hotels, including four and five-star resorts. With our experience, we are deeply knowledgeable in the needs of the hospitality industry, and are excited&hellip;&nbsp;<a href=\"https:\/\/www.castbnb.tv\/fr\/about-us\/\" class=\"\" rel=\"bookmark\">Read More &raquo;<span class=\"screen-reader-text\">\u00c0 propos de nous<\/span><\/a><\/p>","protected":false},"author":2,"featured_media":0,"parent":0,"menu_order":0,"comment_status":"closed","ping_status":"closed","template":"","meta":{"neve_meta_sidebar":"default","neve_meta_container":"default","neve_meta_enable_content_width":"on","neve_meta_content_width":100,"neve_meta_title_alignment":"","neve_meta_author_avatar":"","neve_post_elements_order":"","neve_meta_disable_header":"","neve_meta_disable_footer":"","neve_meta_disable_title":"on","neve_meta_reading_time":"","_themeisle_gutenberg_block_has_review":false,"footnotes":""},"class_list":["post-61","page","type-page","status-publish","hentry"],"yoast_head":"<!-- This site is optimized with the Yoast SEO plugin v26.3 - https:\/\/yoast.com\/wordpress\/plugins\/seo\/ -->\n<title>About Us - Castbnb<\/title>\n<meta name=\"description\" content=\"We are a team of seasoned IT experts with over 20 years of specialized experience in hospitality technology. We have deployed and managed similar solutions in hundreds of hotels, including four and five-star resorts. With our experience, we are deeply knowledgeable in the needs of the hospitality industry, and are excited to be the first to offer a custom solution specifically designed to meet the needs of vacation rentals.\" \/>\n<meta name=\"robots\" content=\"index, follow, max-snippet:-1, max-image-preview:large, max-video-preview:-1\" \/>\n<link rel=\"canonical\" href=\"https:\/\/www.castbnb.tv\/fr\/about-us\/\" \/>\n<meta property=\"og:locale\" content=\"fr_FR\" \/>\n<meta property=\"og:type\" content=\"article\" \/>\n<meta property=\"og:title\" content=\"About Us - Castbnb\" \/>\n<meta property=\"og:description\" content=\"We are a team of seasoned IT experts with over 20 years of specialized experience in hospitality technology. We have deployed and managed similar solutions in hundreds of hotels, including four and five-star resorts. With our experience, we are deeply knowledgeable in the needs of the hospitality industry, and are excited to be the first to offer a custom solution specifically designed to meet the needs of vacation rentals.\" \/>\n<meta property=\"og:url\" content=\"https:\/\/www.castbnb.tv\/fr\/about-us\/\" \/>\n<meta property=\"og:site_name\" content=\"Castbnb\" \/>\n<meta property=\"article:modified_time\" content=\"2024-06-26T21:18:41+00:00\" \/>\n<meta property=\"og:image\" content=\"https:\/\/www.castbnb.tv\/wp-content\/uploads\/2024\/02\/team-business-people-stacking-hands2-scaled.jpg\" \/>\n<meta name=\"twitter:card\" content=\"summary_large_image\" \/>\n<meta name=\"twitter:label1\" content=\"Dur\u00e9e de lecture estim\u00e9e\" \/>\n\t<meta name=\"twitter:data1\" content=\"2 minutes\" \/>\n<script type=\"application\/ld+json\" class=\"yoast-schema-graph\">{\"@context\":\"https:\/\/schema.org\",\"@graph\":[{\"@type\":\"WebPage\",\"@id\":\"https:\/\/www.castbnb.tv\/about-us\/\",\"url\":\"https:\/\/www.castbnb.tv\/about-us\/\",\"name\":\"About Us - Castbnb\",\"isPartOf\":{\"@id\":\"https:\/\/www.castbnb.tv\/#website\"},\"primaryImageOfPage\":{\"@id\":\"https:\/\/www.castbnb.tv\/about-us\/#primaryimage\"},\"image\":{\"@id\":\"https:\/\/www.castbnb.tv\/about-us\/#primaryimage\"},\"thumbnailUrl\":\"https:\/\/www.castbnb.tv\/wp-content\/uploads\/2024\/02\/team-business-people-stacking-hands2-scaled.jpg\",\"datePublished\":\"2020-01-23T18:21:52+00:00\",\"dateModified\":\"2024-06-26T21:18:41+00:00\",\"description\":\"We are a team of seasoned IT experts with over 20 years of specialized experience in hospitality technology. We have deployed and managed similar solutions in hundreds of hotels, including four and five-star resorts. With our experience, we are deeply knowledgeable in the needs of the hospitality industry, and are excited to be the first to offer a custom solution specifically designed to meet the needs of vacation rentals.\",\"breadcrumb\":{\"@id\":\"https:\/\/www.castbnb.tv\/about-us\/#breadcrumb\"},\"inLanguage\":\"fr-FR\",\"potentialAction\":[{\"@type\":\"ReadAction\",\"target\":[\"https:\/\/www.castbnb.tv\/about-us\/\"]}]},{\"@type\":\"ImageObject\",\"inLanguage\":\"fr-FR\",\"@id\":\"https:\/\/www.castbnb.tv\/about-us\/#primaryimage\",\"url\":\"https:\/\/www.castbnb.tv\/wp-content\/uploads\/2024\/02\/team-business-people-stacking-hands2-scaled.jpg\",\"contentUrl\":\"https:\/\/www.castbnb.tv\/wp-content\/uploads\/2024\/02\/team-business-people-stacking-hands2-scaled.jpg\"},{\"@type\":\"BreadcrumbList\",\"@id\":\"https:\/\/www.castbnb.tv\/about-us\/#breadcrumb\",\"itemListElement\":[{\"@type\":\"ListItem\",\"position\":1,\"name\":\"Home\",\"item\":\"https:\/\/www.castbnb.tv\/\"},{\"@type\":\"ListItem\",\"position\":2,\"name\":\"About Us\"}]},{\"@type\":\"WebSite\",\"@id\":\"https:\/\/www.castbnb.tv\/#website\",\"url\":\"https:\/\/www.castbnb.tv\/\",\"name\":\"Castbnb\",\"description\":\"Elevate your luxury vacation rental with a custom welcome screen and secure casting\",\"publisher\":{\"@id\":\"https:\/\/www.castbnb.tv\/#organization\"},\"potentialAction\":[{\"@type\":\"SearchAction\",\"target\":{\"@type\":\"EntryPoint\",\"urlTemplate\":\"https:\/\/www.castbnb.tv\/?s={search_term_string}\"},\"query-input\":{\"@type\":\"PropertyValueSpecification\",\"valueRequired\":true,\"valueName\":\"search_term_string\"}}],\"inLanguage\":\"fr-FR\"},{\"@type\":\"Organization\",\"@id\":\"https:\/\/www.castbnb.tv\/#organization\",\"name\":\"Castbnb\",\"url\":\"https:\/\/www.castbnb.tv\/\",\"logo\":{\"@type\":\"ImageObject\",\"inLanguage\":\"fr-FR\",\"@id\":\"https:\/\/www.castbnb.tv\/#\/schema\/logo\/image\/\",\"url\":\"https:\/\/www.castbnb.tv\/wp-content\/uploads\/2024\/06\/Castbnb_logo_wht.svg\",\"contentUrl\":\"https:\/\/www.castbnb.tv\/wp-content\/uploads\/2024\/06\/Castbnb_logo_wht.svg\",\"width\":1439,\"height\":809,\"caption\":\"Castbnb\"},\"image\":{\"@id\":\"https:\/\/www.castbnb.tv\/#\/schema\/logo\/image\/\"}}]}<\/script>\n<!-- \/ Yoast SEO plugin. -->","yoast_head_json":{"title":"About Us - Castbnb","description":"We are a team of seasoned IT experts with over 20 years of specialized experience in hospitality technology. We have deployed and managed similar solutions in hundreds of hotels, including four and five-star resorts. With our experience, we are deeply knowledgeable in the needs of the hospitality industry, and are excited to be the first to offer a custom solution specifically designed to meet the needs of vacation rentals.","robots":{"index":"index","follow":"follow","max-snippet":"max-snippet:-1","max-image-preview":"max-image-preview:large","max-video-preview":"max-video-preview:-1"},"canonical":"https:\/\/www.castbnb.tv\/fr\/about-us\/","og_locale":"fr_FR","og_type":"article","og_title":"About Us - Castbnb","og_description":"We are a team of seasoned IT experts with over 20 years of specialized experience in hospitality technology. We have deployed and managed similar solutions in hundreds of hotels, including four and five-star resorts. With our experience, we are deeply knowledgeable in the needs of the hospitality industry, and are excited to be the first to offer a custom solution specifically designed to meet the needs of vacation rentals.","og_url":"https:\/\/www.castbnb.tv\/fr\/about-us\/","og_site_name":"Castbnb","article_modified_time":"2024-06-26T21:18:41+00:00","og_image":[{"url":"https:\/\/www.castbnb.tv\/wp-content\/uploads\/2024\/02\/team-business-people-stacking-hands2-scaled.jpg","type":"","width":"","height":""}],"twitter_card":"summary_large_image","twitter_misc":{"Dur\u00e9e de lecture estim\u00e9e":"2 minutes"},"schema":{"@context":"https:\/\/schema.org","@graph":[{"@type":"WebPage","@id":"https:\/\/www.castbnb.tv\/about-us\/","url":"https:\/\/www.castbnb.tv\/about-us\/","name":"About Us - Castbnb","isPartOf":{"@id":"https:\/\/www.castbnb.tv\/#website"},"primaryImageOfPage":{"@id":"https:\/\/www.castbnb.tv\/about-us\/#primaryimage"},"image":{"@id":"https:\/\/www.castbnb.tv\/about-us\/#primaryimage"},"thumbnailUrl":"https:\/\/www.castbnb.tv\/wp-content\/uploads\/2024\/02\/team-business-people-stacking-hands2-scaled.jpg","datePublished":"2020-01-23T18:21:52+00:00","dateModified":"2024-06-26T21:18:41+00:00","description":"We are a team of seasoned IT experts with over 20 years of specialized experience in hospitality technology. We have deployed and managed similar solutions in hundreds of hotels, including four and five-star resorts. With our experience, we are deeply knowledgeable in the needs of the hospitality industry, and are excited to be the first to offer a custom solution specifically designed to meet the needs of vacation rentals.","breadcrumb":{"@id":"https:\/\/www.castbnb.tv\/about-us\/#breadcrumb"},"inLanguage":"fr-FR","potentialAction":[{"@type":"ReadAction","target":["https:\/\/www.castbnb.tv\/about-us\/"]}]},{"@type":"ImageObject","inLanguage":"fr-FR","@id":"https:\/\/www.castbnb.tv\/about-us\/#primaryimage","url":"https:\/\/www.castbnb.tv\/wp-content\/uploads\/2024\/02\/team-business-people-stacking-hands2-scaled.jpg","contentUrl":"https:\/\/www.castbnb.tv\/wp-content\/uploads\/2024\/02\/team-business-people-stacking-hands2-scaled.jpg"},{"@type":"BreadcrumbList","@id":"https:\/\/www.castbnb.tv\/about-us\/#breadcrumb","itemListElement":[{"@type":"ListItem","position":1,"name":"Home","item":"https:\/\/www.castbnb.tv\/"},{"@type":"ListItem","position":2,"name":"About Us"}]},{"@type":"WebSite","@id":"https:\/\/www.castbnb.tv\/#website","url":"https:\/\/www.castbnb.tv\/","name":"Castbnb","description":"Elevate your luxury vacation rental with a custom welcome screen and secure casting","publisher":{"@id":"https:\/\/www.castbnb.tv\/#organization"},"potentialAction":[{"@type":"SearchAction","target":{"@type":"EntryPoint","urlTemplate":"https:\/\/www.castbnb.tv\/?s={search_term_string}"},"query-input":{"@type":"PropertyValueSpecification","valueRequired":true,"valueName":"search_term_string"}}],"inLanguage":"fr-FR"},{"@type":"Organization","@id":"https:\/\/www.castbnb.tv\/#organization","name":"Castbnb","url":"https:\/\/www.castbnb.tv\/","logo":{"@type":"ImageObject","inLanguage":"fr-FR","@id":"https:\/\/www.castbnb.tv\/#\/schema\/logo\/image\/","url":"https:\/\/www.castbnb.tv\/wp-content\/uploads\/2024\/06\/Castbnb_logo_wht.svg","contentUrl":"https:\/\/www.castbnb.tv\/wp-content\/uploads\/2024\/06\/Castbnb_logo_wht.svg","width":1439,"height":809,"caption":"Castbnb"},"image":{"@id":"https:\/\/www.castbnb.tv\/#\/schema\/logo\/image\/"}}]}},"_links":{"self":[{"href":"https:\/\/www.castbnb.tv\/fr\/wp-json\/wp\/v2\/pages\/61","targetHints":{"allow":["GET"]}}],"collection":[{"href":"https:\/\/www.castbnb.tv\/fr\/wp-json\/wp\/v2\/pages"}],"about":[{"href":"https:\/\/www.castbnb.tv\/fr\/wp-json\/wp\/v2\/types\/page"}],"author":[{"embeddable":true,"href":"https:\/\/www.castbnb.tv\/fr\/wp-json\/wp\/v2\/users\/2"}],"replies":[{"embeddable":true,"href":"https:\/\/www.castbnb.tv\/fr\/wp-json\/wp\/v2\/comments?post=61"}],"version-history":[{"count":55,"href":"https:\/\/www.castbnb.tv\/fr\/wp-json\/wp\/v2\/pages\/61\/revisions"}],"predecessor-version":[{"id":1945,"href":"https:\/\/www.castbnb.tv\/fr\/wp-json\/wp\/v2\/pages\/61\/revisions\/1945"}],"wp:attachment":[{"href":"https:\/\/www.castbnb.tv\/fr\/wp-json\/wp\/v2\/media?parent=61"}],"curies":[{"name":"wp","href":"https:\/\/api.w.org\/{rel}","templated":true}]}}